{"id":129,"date":"2016-11-16T15:50:55","date_gmt":"2016-11-16T14:50:55","guid":{"rendered":"http:\/\/localhost\/wordpress\/?page_id=129"},"modified":"2024-12-06T11:10:18","modified_gmt":"2024-12-06T10:10:18","slug":"informations-legales","status":"publish","type":"page","link":"https:\/\/www.secteur-lafertealais.fr\/index.php\/informations-legales\/","title":{"rendered":"Informations l\u00e9gales"},"content":{"rendered":"\r\n<p>&nbsp;<\/p>\r\n\r\n<p><strong>Association Dioc\u00e9saine Evry Corbeil-Essonnes <\/strong><br \/><strong>Secteur paroissial de La Fert\u00e9 Alais<\/strong><br \/>Presbyt\u00e8re<br \/>20 place de l\u2019\u00e9glise 91540 Mennecy\u00a0<br \/>01 64 57 01 18<br \/><br \/><\/p>\r\n<p><strong>Repr\u00e9sentant l\u00e9gal<\/strong><br \/>P\u00e8re Nils Martelli\u00e8re<br \/>Responsable du secteur<\/p>\r\n<p><strong>H\u00e9bergement<\/strong><br \/>O V H<br \/>2 rue Kellermann \u00a0 BP 80157<br \/>59053 Roubaix cedex 1<\/p>\r\n<p><strong>Cr\u00e9dits<\/strong><br \/>Certaines photos ou informations proviennent des sources suivantes :<br \/><a href=\"http:\/\/www.parc-gatinais-francais.fr\">http:\/\/www.parc-gatinais-francais.fr<\/a><br \/><a href=\"https:\/\/catholique-evry.cef.fr\/\">https:\/\/catholique-evry.cef.fr\/<\/a><br \/><a href=\"https:\/\/www.patrimoine-religieux.fr\">https:\/\/www.patrimoine-religieux.fr<\/a><br \/><a href=\"https:\/\/www.fondation-patrimoine.org\/\">https:\/\/www.fondation-patrimoine.org\/<\/a><br \/><a href=\"https:\/\/fr.wikipedia.org\/\">https:\/\/fr.wikipedia.org\/<\/a><br \/><a href=\"http:\/\/www.mennecy-et-son-histoire.com\/eglise_a_mennecy.htm\">http:\/\/www.mennecy-et-son-histoire.com\/eglise_a_mennecy.htm<\/a><\/p>","protected":false},"excerpt":{"rendered":"<p>&nbsp; Association Dioc\u00e9saine Evry Corbeil-Essonnes Secteur paroissial de La Fert\u00e9 AlaisPresbyt\u00e8re20 place de l\u2019\u00e9glise 91540 Mennecy\u00a001 64 57 01 18 Repr\u00e9sentant l\u00e9galP\u00e8re Nils Martelli\u00e8reResponsable du secteur H\u00e9bergementO V H2 rue Kellermann \u00a0 BP 8015759053 Roubaix cedex 1 Cr\u00e9ditsCertaines photos ou informations proviennent des sources suivantes :http:\/\/www.parc-gatinais-francais.frhttps:\/\/catholique-evry.cef.fr\/https:\/\/www.patrimoine-religieux.frhttps:\/\/www.fondation-patrimoine.org\/https:\/\/fr.wikipedia.org\/http:\/\/www.mennecy-et-son-histoire.com\/eglise_a_mennecy.htm<\/p>\n","protected":false},"author":1,"featured_media":0,"parent":0,"menu_order":0,"comment_status":"closed","ping_status":"closed","template":"","meta":{"footnotes":""},"class_list":["post-129","page","type-page","status-publish","hentry"],"jetpack_sharing_enabled":true,"_links":{"self":[{"href":"https:\/\/www.secteur-lafertealais.fr\/index.php\/wp-json\/wp\/v2\/pages\/129"}],"collection":[{"href":"https:\/\/www.secteur-lafertealais.fr\/index.php\/wp-json\/wp\/v2\/pages"}],"about":[{"href":"https:\/\/www.secteur-lafertealais.fr\/index.php\/wp-json\/wp\/v2\/types\/page"}],"author":[{"embeddable":true,"href":"https:\/\/www.secteur-lafertealais.fr\/index.php\/wp-json\/wp\/v2\/users\/1"}],"replies":[{"embeddable":true,"href":"https:\/\/www.secteur-lafertealais.fr\/index.php\/wp-json\/wp\/v2\/comments?post=129"}],"version-history":[{"count":10,"href":"https:\/\/www.secteur-lafertealais.fr\/index.php\/wp-json\/wp\/v2\/pages\/129\/revisions"}],"predecessor-version":[{"id":9205,"href":"https:\/\/www.secteur-lafertealais.fr\/index.php\/wp-json\/wp\/v2\/pages\/129\/revisions\/9205"}],"wp:attachment":[{"href":"https:\/\/www.secteur-lafertealais.fr\/index.php\/wp-json\/wp\/v2\/media?parent=129"}],"curies":[{"name":"wp","href":"https:\/\/api.w.org\/{rel}","templated":true}]}}