{"id":218,"date":"2016-11-17T14:41:06","date_gmt":"2016-11-17T13:41:06","guid":{"rendered":"http:\/\/localhost\/wordpress\/?page_id=216"},"modified":"2017-02-01T11:56:19","modified_gmt":"2017-02-01T10:56:19","slug":"reconciliation","status":"publish","type":"page","link":"https:\/\/www.secteur-lafertealais.fr\/index.php\/reconciliation\/","title":{"rendered":"R\u00e9conciliation"},"content":{"rendered":"<p><img decoding=\"async\" class=\"alignnone size-full wp-image-1006 aligncenter\" src=\"http:\/\/www.secteur-lafertealais.fr\/wp-content\/uploads\/2017\/02\/rconciliation.jpg\" alt=\"\" width=\"236\" height=\"157\" \/><\/p>\n<p>C&rsquo;est un sacrement dit \u00ab\u00a0de gu\u00e9rison\u00a0\u00bb, comme celui de l&rsquo;Onction des malades.<br \/>\nBien que baptis\u00e9s nous restons faibles et tout au long de notre vie nous avons besoin de retrouver la puret\u00e9 de notre bapt\u00eame.<br \/>\nPar ce sacrement nous recevons le pardon de nos p\u00e9ch\u00e9s accord\u00e9 par notre P\u00e8re du ciel qui est tendre et mis\u00e9ricordieux. Ce n&rsquo;est pas toujours facile de reconna\u00eetre notre p\u00e9ch\u00e9, cela demande un acte de v\u00e9rit\u00e9 et d&rsquo;humilit\u00e9 et surtout le d\u00e9sir de laisser le Seigneur nous envahir de sa lumi\u00e8re.<br \/>\nL&rsquo;amour de Dieu notre P\u00e8re est pour chacun de nous immense, il ouvre toujours sa porte \u00e0 celui qui vient lui montrer combien il regrette son p\u00e9ch\u00e9 et sa soif de conversion.<\/p>\n<p>L&rsquo;Eglise demande que nous nous confessions au moins une fois l&rsquo;an.<br \/>\nC&rsquo;est le pr\u00eatre qui est le ministre de ce sacrement.<br \/>\nDans notre secteur, deux c\u00e9l\u00e9brations (Avent et Car\u00eame) sont propos\u00e9es.<br \/>\nA l&rsquo;approche des f\u00eates de la Toussaint, No\u00ebl et P\u00e2ques, les pr\u00eatres assurent des heures de confessions dans les paroisses. Ceux-ci sont disponibles \u00e0 tous moments, il suffit de prendre rendez-vous avec l&rsquo;un d&rsquo;eux.<\/p>\n","protected":false},"excerpt":{"rendered":"<p>C&rsquo;est un sacrement dit \u00ab\u00a0de gu\u00e9rison\u00a0\u00bb, comme celui de l&rsquo;Onction des malades. Bien que baptis\u00e9s nous restons faibles et tout au long de notre vie nous avons besoin de retrouver la puret\u00e9 de notre bapt\u00eame. Par ce sacrement nous recevons le pardon de nos p\u00e9ch\u00e9s accord\u00e9 par notre P\u00e8re du ciel qui est tendre et [&hellip;]<\/p>\n","protected":false},"author":1,"featured_media":0,"parent":0,"menu_order":0,"comment_status":"closed","ping_status":"closed","template":"","meta":{"footnotes":""},"class_list":["post-218","page","type-page","status-publish","hentry"],"jetpack_sharing_enabled":true,"_links":{"self":[{"href":"https:\/\/www.secteur-lafertealais.fr\/index.php\/wp-json\/wp\/v2\/pages\/218"}],"collection":[{"href":"https:\/\/www.secteur-lafertealais.fr\/index.php\/wp-json\/wp\/v2\/pages"}],"about":[{"href":"https:\/\/www.secteur-lafertealais.fr\/index.php\/wp-json\/wp\/v2\/types\/page"}],"author":[{"embeddable":true,"href":"https:\/\/www.secteur-lafertealais.fr\/index.php\/wp-json\/wp\/v2\/users\/1"}],"replies":[{"embeddable":true,"href":"https:\/\/www.secteur-lafertealais.fr\/index.php\/wp-json\/wp\/v2\/comments?post=218"}],"version-history":[{"count":2,"href":"https:\/\/www.secteur-lafertealais.fr\/index.php\/wp-json\/wp\/v2\/pages\/218\/revisions"}],"predecessor-version":[{"id":1007,"href":"https:\/\/www.secteur-lafertealais.fr\/index.php\/wp-json\/wp\/v2\/pages\/218\/revisions\/1007"}],"wp:attachment":[{"href":"https:\/\/www.secteur-lafertealais.fr\/index.php\/wp-json\/wp\/v2\/media?parent=218"}],"curies":[{"name":"wp","href":"https:\/\/api.w.org\/{rel}","templated":true}]}}