{"id":247,"date":"2016-11-17T15:50:41","date_gmt":"2016-11-17T14:50:41","guid":{"rendered":"http:\/\/localhost\/wordpress\/?page_id=247"},"modified":"2016-11-17T15:50:41","modified_gmt":"2016-11-17T14:50:41","slug":"partaj","status":"publish","type":"page","link":"https:\/\/www.secteur-lafertealais.fr\/index.php\/partaj\/","title":{"rendered":"Partaj"},"content":{"rendered":"<p style=\"text-align: justify;\">L&rsquo;association PARTAJ\u00a0 a pour objet de pourvoir \u00e0 la formation humaine et spirituelle des jeunes\u00a0 du secteur pastoral de La Fert\u00e9 Alais scolaris\u00e9s dans les coll\u00e8ges et lyc\u00e9es de l&rsquo;enseignement\u00a0 publique en partenariat avec les parents.<\/p>\n<p><strong>Association PARTAJ<\/strong>\u00a0\u00a0\u00a0 1 rue du ch\u00e2teau\u00a0\u00a0 91590 La Fert\u00e9 Alais<\/p>\n<p><strong>Membres du bureau<\/strong><\/p>\n<p>Pr\u00e9sident :\u00a0\u00a0\u00a0\u00a0 Herv\u00e9 FRANEL<br \/>\nTr\u00e9sori\u00e8re :\u00a0\u00a0 Marie Delphine DUBOIS<br \/>\nSecr\u00e9taire :\u00a0\u00a0\u00a0 Mauricette DEVERNAY<\/p>\n","protected":false},"excerpt":{"rendered":"<p>L&rsquo;association PARTAJ\u00a0 a pour objet de pourvoir \u00e0 la formation humaine et spirituelle des jeunes\u00a0 du secteur pastoral de La Fert\u00e9 Alais scolaris\u00e9s dans les coll\u00e8ges et lyc\u00e9es de l&rsquo;enseignement\u00a0 publique en partenariat avec les parents. Association PARTAJ\u00a0\u00a0\u00a0 1 rue du ch\u00e2teau\u00a0\u00a0 91590 La Fert\u00e9 Alais Membres du bureau Pr\u00e9sident :\u00a0\u00a0\u00a0\u00a0 Herv\u00e9 FRANEL Tr\u00e9sori\u00e8re :\u00a0\u00a0 [&hellip;]<\/p>\n","protected":false},"author":1,"featured_media":0,"parent":0,"menu_order":0,"comment_status":"closed","ping_status":"closed","template":"","meta":{"footnotes":""},"class_list":["post-247","page","type-page","status-publish","hentry"],"jetpack_sharing_enabled":true,"_links":{"self":[{"href":"https:\/\/www.secteur-lafertealais.fr\/index.php\/wp-json\/wp\/v2\/pages\/247"}],"collection":[{"href":"https:\/\/www.secteur-lafertealais.fr\/index.php\/wp-json\/wp\/v2\/pages"}],"about":[{"href":"https:\/\/www.secteur-lafertealais.fr\/index.php\/wp-json\/wp\/v2\/types\/page"}],"author":[{"embeddable":true,"href":"https:\/\/www.secteur-lafertealais.fr\/index.php\/wp-json\/wp\/v2\/users\/1"}],"replies":[{"embeddable":true,"href":"https:\/\/www.secteur-lafertealais.fr\/index.php\/wp-json\/wp\/v2\/comments?post=247"}],"version-history":[{"count":0,"href":"https:\/\/www.secteur-lafertealais.fr\/index.php\/wp-json\/wp\/v2\/pages\/247\/revisions"}],"wp:attachment":[{"href":"https:\/\/www.secteur-lafertealais.fr\/index.php\/wp-json\/wp\/v2\/media?parent=247"}],"curies":[{"name":"wp","href":"https:\/\/api.w.org\/{rel}","templated":true}]}}