{"id":408,"date":"2016-11-20T08:36:51","date_gmt":"2016-11-20T07:36:51","guid":{"rendered":"http:\/\/localhost\/wordpress\/?page_id=408"},"modified":"2019-05-18T09:36:51","modified_gmt":"2019-05-18T07:36:51","slug":"paroisse-de-ballancourt","status":"publish","type":"page","link":"https:\/\/www.secteur-lafertealais.fr\/index.php\/paroisse-de-ballancourt\/","title":{"rendered":"Paroisse de BALLANCOURT"},"content":{"rendered":"<div id=\"paroisse15\" class=\"paroisses\">Population :\u00a07206 habitants en\u00a02007<\/div>\n<div class=\"paroisses\"><\/div>\n<div class=\"paroisses\"><a href=\"http:\/\/www.secteur-lafertealais.fr\/index.php\/messes\/\" target=\"_blank\" rel=\"noopener\">Messes <\/a><\/div>\n<div class=\"paroisses\">\n<p style=\"text-align: center;\"><strong>Eglise Saint MARTIN<\/strong><\/p>\n<p style=\"text-align: center;\"><strong><img fetchpriority=\"high\" decoding=\"async\" class=\"size-medium wp-image-7234 aligncenter\" src=\"http:\/\/www.secteur-lafertealais.fr\/wp-content\/uploads\/2019\/05\/eglise_ballancourt-300x225.jpg\" alt=\"\" width=\"300\" height=\"225\" srcset=\"https:\/\/www.secteur-lafertealais.fr\/wp-content\/uploads\/2019\/05\/eglise_ballancourt-300x225.jpg 300w, https:\/\/www.secteur-lafertealais.fr\/wp-content\/uploads\/2019\/05\/eglise_ballancourt-768x576.jpg 768w, https:\/\/www.secteur-lafertealais.fr\/wp-content\/uploads\/2019\/05\/eglise_ballancourt-1024x768.jpg 1024w\" sizes=\"(max-width: 300px) 100vw, 300px\" \/><\/strong><\/p>\n<p style=\"text-align: justify;\">Une premi\u00e8re \u00e9glise fut construite au 13e si\u00e8cle , avec des modifications au 15e et 16e si\u00e8cle. L&rsquo;\u00e9glise se trouvant en tr\u00e8s mauvais \u00e9tat, en 1867 des travaux de restauration du clocher furent r\u00e9alis\u00e9s gr\u00e2ce \u00e0 une imposition sur la commune de 21 000 frs et \u00e0 des secours de l&rsquo;Etat de 4 000 frs.<\/p>\n<p style=\"text-align: justify;\">En 1868 le conseil municipal, contre l&rsquo;avis de deux architectes, \u00e9met le v\u0153u de d\u00e9molir et reconstruire l&rsquo;\u00e9glise au lieu de la restaurer. L&rsquo;\u00e9glise fut probablement d\u00e9molie en 1871 et la reconstruction commenc\u00e9e en 1873.<\/p>\n<p style=\"text-align: justify;\">En 1875 un emprunt de 13 500 frs fut vot\u00e9 par le conseil municipal pour faciliter la reconstruction.<\/p>\n<p style=\"text-align: justify;\">En 1877, M. le Maire donne lecture d&rsquo;une d\u00e9lib\u00e9ration du conseil de fabrique, tendant \u00e0 obtenir l&rsquo;autorisation de faire ex\u00e9cuter \u00e0 ses frais, et sous sa responsabilit\u00e9 personnelle, des vo\u00fbtes au lieu du plafond indiqu\u00e9 au devis de reconstruction de l&rsquo;\u00e9glise.<\/p>\n<p style=\"text-align: justify;\">La reconstruction fut termin\u00e9e en 1878.<\/p>\n<\/div>\n","protected":false},"excerpt":{"rendered":"<p>Population :\u00a07206 habitants en\u00a02007 Messes Eglise Saint MARTIN Une premi\u00e8re \u00e9glise fut construite au 13e si\u00e8cle , avec des modifications au 15e et 16e si\u00e8cle. L&rsquo;\u00e9glise se trouvant en tr\u00e8s mauvais \u00e9tat, en 1867 des travaux de restauration du clocher furent r\u00e9alis\u00e9s gr\u00e2ce \u00e0 une imposition sur la commune de 21 000 frs et \u00e0 [&hellip;]<\/p>\n","protected":false},"author":1,"featured_media":0,"parent":0,"menu_order":0,"comment_status":"closed","ping_status":"closed","template":"","meta":{"footnotes":""},"class_list":["post-408","page","type-page","status-publish","hentry"],"jetpack_sharing_enabled":true,"_links":{"self":[{"href":"https:\/\/www.secteur-lafertealais.fr\/index.php\/wp-json\/wp\/v2\/pages\/408"}],"collection":[{"href":"https:\/\/www.secteur-lafertealais.fr\/index.php\/wp-json\/wp\/v2\/pages"}],"about":[{"href":"https:\/\/www.secteur-lafertealais.fr\/index.php\/wp-json\/wp\/v2\/types\/page"}],"author":[{"embeddable":true,"href":"https:\/\/www.secteur-lafertealais.fr\/index.php\/wp-json\/wp\/v2\/users\/1"}],"replies":[{"embeddable":true,"href":"https:\/\/www.secteur-lafertealais.fr\/index.php\/wp-json\/wp\/v2\/comments?post=408"}],"version-history":[{"count":5,"href":"https:\/\/www.secteur-lafertealais.fr\/index.php\/wp-json\/wp\/v2\/pages\/408\/revisions"}],"predecessor-version":[{"id":7236,"href":"https:\/\/www.secteur-lafertealais.fr\/index.php\/wp-json\/wp\/v2\/pages\/408\/revisions\/7236"}],"wp:attachment":[{"href":"https:\/\/www.secteur-lafertealais.fr\/index.php\/wp-json\/wp\/v2\/media?parent=408"}],"curies":[{"name":"wp","href":"https:\/\/api.w.org\/{rel}","templated":true}]}}