{"id":420,"date":"2016-11-20T08:55:12","date_gmt":"2016-11-20T07:55:12","guid":{"rendered":"http:\/\/localhost\/wordpress\/?page_id=420"},"modified":"2019-05-17T10:31:57","modified_gmt":"2019-05-17T08:31:57","slug":"paroisse-ditteville","status":"publish","type":"page","link":"https:\/\/www.secteur-lafertealais.fr\/index.php\/paroisse-ditteville\/","title":{"rendered":"Paroisse d&rsquo;ITTEVILLE"},"content":{"rendered":"<p>Population : 6325 habitants en 2007 ( source INSEE )<\/p>\n<p><a href=\"http:\/\/www.secteur-lafertealais.fr\/index.php\/messes\/\" target=\"_blank\" rel=\"noopener\">Messes<\/a><\/p>\n<p style=\"text-align: center;\">EGLISE SAINT GERMAIN DE PARIS<\/p>\n<p><img fetchpriority=\"high\" decoding=\"async\" class=\"wp-image-7119 alignnone\" src=\"http:\/\/www.secteur-lafertealais.fr\/wp-content\/uploads\/2019\/05\/P1-300x224.jpg\" alt=\"\" width=\"631\" height=\"471\" srcset=\"https:\/\/www.secteur-lafertealais.fr\/wp-content\/uploads\/2019\/05\/P1-300x224.jpg 300w, https:\/\/www.secteur-lafertealais.fr\/wp-content\/uploads\/2019\/05\/P1-768x574.jpg 768w, https:\/\/www.secteur-lafertealais.fr\/wp-content\/uploads\/2019\/05\/P1-1024x765.jpg 1024w, https:\/\/www.secteur-lafertealais.fr\/wp-content\/uploads\/2019\/05\/P1.jpg 1430w\" sizes=\"(max-width: 631px) 100vw, 631px\" \/><\/p>\n<p style=\"text-align: center;\">Guide de visite :<br \/>\n<a href=\"http:\/\/www.secteur-lafertealais.fr\/index.php\/paroisse-ditteville-historique\/\">Historique\u00a0<\/a><br \/>\n<a href=\"http:\/\/www.secteur-lafertealais.fr\/index.php\/paroisse-ditteville-exterieur\/\">Ext\u00e9rieur\u00a0<\/a><br \/>\n<a href=\"http:\/\/www.secteur-lafertealais.fr\/index.php\/paroisse-ditteville-interieur\/\">Int\u00e9rieur\u00a0<\/a><br \/>\n<a href=\"http:\/\/www.secteur-lafertealais.fr\/index.php\/paroisse-ditteville-tableaux\/\">Les tableaux<\/a><br \/>\n<a href=\"http:\/\/www.secteur-lafertealais.fr\/index.php\/paroisse-ditteville-nef\/\">La nef principale<\/a><br \/>\n<a href=\"http:\/\/www.secteur-lafertealais.fr\/index.php\/paroisse-ditteville-fresque\/\">La fresque<\/a><br \/>\n<a href=\"http:\/\/www.secteur-lafertealais.fr\/index.php\/paroisse-ditteville-vitraux\/\">Les vitraux<\/a><br \/>\n<a href=\"http:\/\/www.secteur-lafertealais.fr\/index.php\/paroisse-ditteville-chapelle\/\">Les chapelles<\/a><br \/>\n<a href=\"http:\/\/www.secteur-lafertealais.fr\/index.php\/paroisse-ditteville-retable\/\">Le retable du choeur<\/a><br \/>\n<a href=\"http:\/\/www.secteur-lafertealais.fr\/index.php\/paroisse-ditteville-voute\/\">Les cl\u00e9s de vo\u00fbte<\/a><br \/>\n<a href=\"http:\/\/www.secteur-lafertealais.fr\/index.php\/paroisse-ditteville-statues\/\">Les statues<\/a><br \/>\n<a href=\"http:\/\/www.secteur-lafertealais.fr\/index.php\/paroisse-ditteville-bannieres\/\">Les banni\u00e8res<\/a><br \/>\n<a href=\"http:\/\/www.secteur-lafertealais.fr\/index.php\/paroisse-ditteville-millenaire\/\">La F\u00eate du Mill\u00e9naire<\/a><br \/>\n<a href=\"http:\/\/www.secteur-lafertealais.fr\/index.php\/itteville-vues\/\">Vues d\u2019autrefois<\/a><\/p>\n","protected":false},"excerpt":{"rendered":"<p>Population : 6325 habitants en 2007 ( source INSEE ) Messes EGLISE SAINT GERMAIN DE PARIS Guide de visite : Historique\u00a0 Ext\u00e9rieur\u00a0 Int\u00e9rieur\u00a0 Les tableaux La nef principale La fresque Les vitraux Les chapelles Le retable du choeur Les cl\u00e9s de vo\u00fbte Les statues Les banni\u00e8res La F\u00eate du Mill\u00e9naire Vues d\u2019autrefois<\/p>\n","protected":false},"author":1,"featured_media":0,"parent":0,"menu_order":0,"comment_status":"closed","ping_status":"closed","template":"","meta":{"footnotes":""},"class_list":["post-420","page","type-page","status-publish","hentry"],"jetpack_sharing_enabled":true,"_links":{"self":[{"href":"https:\/\/www.secteur-lafertealais.fr\/index.php\/wp-json\/wp\/v2\/pages\/420"}],"collection":[{"href":"https:\/\/www.secteur-lafertealais.fr\/index.php\/wp-json\/wp\/v2\/pages"}],"about":[{"href":"https:\/\/www.secteur-lafertealais.fr\/index.php\/wp-json\/wp\/v2\/types\/page"}],"author":[{"embeddable":true,"href":"https:\/\/www.secteur-lafertealais.fr\/index.php\/wp-json\/wp\/v2\/users\/1"}],"replies":[{"embeddable":true,"href":"https:\/\/www.secteur-lafertealais.fr\/index.php\/wp-json\/wp\/v2\/comments?post=420"}],"version-history":[{"count":18,"href":"https:\/\/www.secteur-lafertealais.fr\/index.php\/wp-json\/wp\/v2\/pages\/420\/revisions"}],"predecessor-version":[{"id":7208,"href":"https:\/\/www.secteur-lafertealais.fr\/index.php\/wp-json\/wp\/v2\/pages\/420\/revisions\/7208"}],"wp:attachment":[{"href":"https:\/\/www.secteur-lafertealais.fr\/index.php\/wp-json\/wp\/v2\/media?parent=420"}],"curies":[{"name":"wp","href":"https:\/\/api.w.org\/{rel}","templated":true}]}}