{"id":430,"date":"2016-11-20T09:25:05","date_gmt":"2016-11-20T08:25:05","guid":{"rendered":"http:\/\/localhost\/wordpress\/?page_id=430"},"modified":"2024-10-15T10:23:10","modified_gmt":"2024-10-15T08:23:10","slug":"paroisse-de-cerny","status":"publish","type":"page","link":"https:\/\/www.secteur-lafertealais.fr\/index.php\/paroisse-de-cerny\/","title":{"rendered":"Paroisse de CERNY"},"content":{"rendered":"<p>Population : 3225 habitants en 2007 ( source insee)<\/p>\n<p><a href=\"http:\/\/www.secteur-lafertealais.fr\/index.php\/messes\/\" target=\"_blank\" rel=\"noopener\">Messes<\/a><\/p>\n<p style=\"text-align: center;\">EGLISE SAINT PIERRE<\/p>\n<p><img fetchpriority=\"high\" decoding=\"async\" class=\"alignnone size-medium wp-image-7249 aligncenter\" src=\"http:\/\/www.secteur-lafertealais.fr\/wp-content\/uploads\/2019\/05\/eglise_cerny-225x300.jpg\" alt=\"\" width=\"225\" height=\"300\" srcset=\"https:\/\/www.secteur-lafertealais.fr\/wp-content\/uploads\/2019\/05\/eglise_cerny-225x300.jpg 225w, https:\/\/www.secteur-lafertealais.fr\/wp-content\/uploads\/2019\/05\/eglise_cerny.jpg 360w\" sizes=\"(max-width: 225px) 100vw, 225px\" \/><\/p>\n<p>L&rsquo;\u00e9glise saint Pierre a \u00e9t\u00e9 construite au 13e si\u00e8cle et remani\u00e9e aux 15e 17e et 19e si\u00e8cle.<br \/>\nLe clocher a \u00e9t\u00e9 sur\u00e9lev\u00e9 au 19e si\u00e8cle.<br \/>\nLe toit du porche est soutenu par 4 colonnes monolithiques de forme simple sans style vraiment affirm\u00e9.<br \/>\nA l&rsquo;int\u00e9rieur de l&rsquo;\u00e9glise, sont \u00e0 remarquer, deux tableaux du 17e et 19e si\u00e8cle.<br \/>\nL&rsquo;un peint sur toile, repr\u00e9sente une Vierge de mis\u00e9ricorde, l&rsquo;autre, peint sur bois est une copie d&rsquo;un tableau de Lebrun et repr\u00e9sente une crucifixion.<br \/>\nL&rsquo;\u00e9glise saint Pierre a \u00e9t\u00e9 class\u00e9e monument historique en 1981.<\/p>\n","protected":false},"excerpt":{"rendered":"<p>Population : 3225 habitants en 2007 ( source insee) Messes EGLISE SAINT PIERRE L&rsquo;\u00e9glise saint Pierre a \u00e9t\u00e9 construite au 13e si\u00e8cle et remani\u00e9e aux 15e 17e et 19e si\u00e8cle. Le clocher a \u00e9t\u00e9 sur\u00e9lev\u00e9 au 19e si\u00e8cle. Le toit du porche est soutenu par 4 colonnes monolithiques de forme simple sans style vraiment affirm\u00e9. [&hellip;]<\/p>\n","protected":false},"author":1,"featured_media":0,"parent":0,"menu_order":0,"comment_status":"closed","ping_status":"closed","template":"","meta":{"footnotes":""},"class_list":["post-430","page","type-page","status-publish","hentry"],"jetpack_sharing_enabled":true,"_links":{"self":[{"href":"https:\/\/www.secteur-lafertealais.fr\/index.php\/wp-json\/wp\/v2\/pages\/430"}],"collection":[{"href":"https:\/\/www.secteur-lafertealais.fr\/index.php\/wp-json\/wp\/v2\/pages"}],"about":[{"href":"https:\/\/www.secteur-lafertealais.fr\/index.php\/wp-json\/wp\/v2\/types\/page"}],"author":[{"embeddable":true,"href":"https:\/\/www.secteur-lafertealais.fr\/index.php\/wp-json\/wp\/v2\/users\/1"}],"replies":[{"embeddable":true,"href":"https:\/\/www.secteur-lafertealais.fr\/index.php\/wp-json\/wp\/v2\/comments?post=430"}],"version-history":[{"count":4,"href":"https:\/\/www.secteur-lafertealais.fr\/index.php\/wp-json\/wp\/v2\/pages\/430\/revisions"}],"predecessor-version":[{"id":9051,"href":"https:\/\/www.secteur-lafertealais.fr\/index.php\/wp-json\/wp\/v2\/pages\/430\/revisions\/9051"}],"wp:attachment":[{"href":"https:\/\/www.secteur-lafertealais.fr\/index.php\/wp-json\/wp\/v2\/media?parent=430"}],"curies":[{"name":"wp","href":"https:\/\/api.w.org\/{rel}","templated":true}]}}