{"id":434,"date":"2016-11-20T09:30:49","date_gmt":"2016-11-20T08:30:49","guid":{"rendered":"http:\/\/localhost\/wordpress\/?page_id=434"},"modified":"2019-05-18T09:56:54","modified_gmt":"2019-05-18T07:56:54","slug":"paroisse-de-dhuison-longueville","status":"publish","type":"page","link":"https:\/\/www.secteur-lafertealais.fr\/index.php\/paroisse-de-dhuison-longueville\/","title":{"rendered":"Paroisse de D&rsquo;HUISON LONGUEVILLE"},"content":{"rendered":"<p style=\"text-align: justify;\">Population : 1327 habitants en 2007 ( source insee)<\/p>\n<p><a href=\"http:\/\/www.secteur-lafertealais.fr\/index.php\/messes\/\" target=\"_blank\" rel=\"noopener\">Messes<\/a><\/p>\n<p style=\"text-align: center;\">EGLISE SAINT-PIERRE<\/p>\n<p><img fetchpriority=\"high\" decoding=\"async\" class=\"alignnone size-medium wp-image-7252 aligncenter\" src=\"http:\/\/www.secteur-lafertealais.fr\/wp-content\/uploads\/2019\/05\/eglise_dhuison-300x225.jpg\" alt=\"\" width=\"300\" height=\"225\" srcset=\"https:\/\/www.secteur-lafertealais.fr\/wp-content\/uploads\/2019\/05\/eglise_dhuison-300x225.jpg 300w, https:\/\/www.secteur-lafertealais.fr\/wp-content\/uploads\/2019\/05\/eglise_dhuison.jpg 640w\" sizes=\"(max-width: 300px) 100vw, 300px\" \/><br \/>\nL\u2019origine de l\u2019\u00e9glise remonte au 12e si\u00e8cle, mais celle-ci fut largement remani\u00e9e au cours des si\u00e8cles, et de nombreuses r\u00e9parations ex\u00e9cut\u00e9es au 19e si\u00e8cle gr\u00e2ce aux dons de Mme de Jouvencel.<br \/>\nEn 1986, lors de travaux, des statues emmur\u00e9es furent d\u00e9couvertes :<\/p>\n<ul>\n<li style=\"text-align: justify;\">Une vierge assise datant du 15e ou 16e si\u00e8cle. Class\u00e9e monument historique en 1994.<\/li>\n<li style=\"text-align: justify;\">Une Vierge mal identifi\u00e9e datant du 13e ou 14e si\u00e8cle (Vierge des douleurs ?) dont la partie inf\u00e9rieure a \u00e9t\u00e9 d\u00e9truite.Class\u00e9e monument historique en 1994.<\/li>\n<\/ul>\n","protected":false},"excerpt":{"rendered":"<p>Population : 1327 habitants en 2007 ( source insee) Messes EGLISE SAINT-PIERRE L\u2019origine de l\u2019\u00e9glise remonte au 12e si\u00e8cle, mais celle-ci fut largement remani\u00e9e au cours des si\u00e8cles, et de nombreuses r\u00e9parations ex\u00e9cut\u00e9es au 19e si\u00e8cle gr\u00e2ce aux dons de Mme de Jouvencel. En 1986, lors de travaux, des statues emmur\u00e9es furent d\u00e9couvertes : Une [&hellip;]<\/p>\n","protected":false},"author":1,"featured_media":0,"parent":0,"menu_order":0,"comment_status":"closed","ping_status":"closed","template":"","meta":{"footnotes":""},"class_list":["post-434","page","type-page","status-publish","hentry"],"jetpack_sharing_enabled":true,"_links":{"self":[{"href":"https:\/\/www.secteur-lafertealais.fr\/index.php\/wp-json\/wp\/v2\/pages\/434"}],"collection":[{"href":"https:\/\/www.secteur-lafertealais.fr\/index.php\/wp-json\/wp\/v2\/pages"}],"about":[{"href":"https:\/\/www.secteur-lafertealais.fr\/index.php\/wp-json\/wp\/v2\/types\/page"}],"author":[{"embeddable":true,"href":"https:\/\/www.secteur-lafertealais.fr\/index.php\/wp-json\/wp\/v2\/users\/1"}],"replies":[{"embeddable":true,"href":"https:\/\/www.secteur-lafertealais.fr\/index.php\/wp-json\/wp\/v2\/comments?post=434"}],"version-history":[{"count":4,"href":"https:\/\/www.secteur-lafertealais.fr\/index.php\/wp-json\/wp\/v2\/pages\/434\/revisions"}],"predecessor-version":[{"id":7254,"href":"https:\/\/www.secteur-lafertealais.fr\/index.php\/wp-json\/wp\/v2\/pages\/434\/revisions\/7254"}],"wp:attachment":[{"href":"https:\/\/www.secteur-lafertealais.fr\/index.php\/wp-json\/wp\/v2\/media?parent=434"}],"curies":[{"name":"wp","href":"https:\/\/api.w.org\/{rel}","templated":true}]}}