{"id":444,"date":"2016-11-20T09:41:20","date_gmt":"2016-11-20T08:41:20","guid":{"rendered":"http:\/\/localhost\/wordpress\/?page_id=444"},"modified":"2019-08-14T14:36:22","modified_gmt":"2019-08-14T12:36:22","slug":"paroisse-dauvernaux","status":"publish","type":"page","link":"https:\/\/www.secteur-lafertealais.fr\/index.php\/paroisse-dauvernaux\/","title":{"rendered":"Paroisse d&rsquo;AUVERNAUX"},"content":{"rendered":"<p>Population: 317 habitants en 2007\u00a0 ( source insee)<\/p>\n<p><a href=\"http:\/\/www.secteur-lafertealais.fr\/index.php\/messes\/\" target=\"_blank\" rel=\"noopener\">Messes <\/a><\/p>\n<p style=\"text-align: center;\"><strong>Eglise Saint Prix<br \/>\nMesse de la f\u00eate patronale le 26 mai<\/strong><\/p>\n<p><img decoding=\"async\" class=\"size-full wp-image-7269 aligncenter\" src=\"http:\/\/www.secteur-lafertealais.fr\/wp-content\/uploads\/2019\/05\/auvernaux_1_.jpg\" alt=\"\" width=\"240\" height=\"160\" \/><\/p>\n<p style=\"text-align: justify;\">L&rsquo;\u00e9glise poss\u00e8de une statue de la vierge en bois peint, datant du 1er quart du 16e si\u00e8cle, sur le socle, des armoiries\u00a0 \u00e9cu portant d&rsquo;argent \u00e0 la croix de Malte de sable.<\/p>\n<p style=\"text-align: justify;\">Class\u00e9e monument historique en 1994\u00a0(doc. base inventaire des monuments de France)<\/p>\n<p style=\"text-align: justify;\">\n","protected":false},"excerpt":{"rendered":"<p>Population: 317 habitants en 2007\u00a0 ( source insee) Messes Eglise Saint Prix Messe de la f\u00eate patronale le 26 mai L&rsquo;\u00e9glise poss\u00e8de une statue de la vierge en bois peint, datant du 1er quart du 16e si\u00e8cle, sur le socle, des armoiries\u00a0 \u00e9cu portant d&rsquo;argent \u00e0 la croix de Malte de sable. Class\u00e9e monument historique [&hellip;]<\/p>\n","protected":false},"author":1,"featured_media":0,"parent":0,"menu_order":0,"comment_status":"closed","ping_status":"closed","template":"","meta":{"footnotes":""},"class_list":["post-444","page","type-page","status-publish","hentry"],"jetpack_sharing_enabled":true,"_links":{"self":[{"href":"https:\/\/www.secteur-lafertealais.fr\/index.php\/wp-json\/wp\/v2\/pages\/444"}],"collection":[{"href":"https:\/\/www.secteur-lafertealais.fr\/index.php\/wp-json\/wp\/v2\/pages"}],"about":[{"href":"https:\/\/www.secteur-lafertealais.fr\/index.php\/wp-json\/wp\/v2\/types\/page"}],"author":[{"embeddable":true,"href":"https:\/\/www.secteur-lafertealais.fr\/index.php\/wp-json\/wp\/v2\/users\/1"}],"replies":[{"embeddable":true,"href":"https:\/\/www.secteur-lafertealais.fr\/index.php\/wp-json\/wp\/v2\/comments?post=444"}],"version-history":[{"count":6,"href":"https:\/\/www.secteur-lafertealais.fr\/index.php\/wp-json\/wp\/v2\/pages\/444\/revisions"}],"predecessor-version":[{"id":7334,"href":"https:\/\/www.secteur-lafertealais.fr\/index.php\/wp-json\/wp\/v2\/pages\/444\/revisions\/7334"}],"wp:attachment":[{"href":"https:\/\/www.secteur-lafertealais.fr\/index.php\/wp-json\/wp\/v2\/media?parent=444"}],"curies":[{"name":"wp","href":"https:\/\/api.w.org\/{rel}","templated":true}]}}