{"id":446,"date":"2016-11-20T09:46:38","date_gmt":"2016-11-20T08:46:38","guid":{"rendered":"http:\/\/localhost\/wordpress\/?page_id=446"},"modified":"2019-08-14T14:38:12","modified_gmt":"2019-08-14T12:38:12","slug":"paroisse-de-champcueil","status":"publish","type":"page","link":"https:\/\/www.secteur-lafertealais.fr\/index.php\/paroisse-de-champcueil\/","title":{"rendered":"Paroisse de CHAMPCUEIL"},"content":{"rendered":"<p>Population : 2753 habitants\u00a0 en 2007 ( source insee)<\/p>\n<p><a href=\"http:\/\/www.secteur-lafertealais.fr\/index.php\/messes\/\" target=\"_blank\" rel=\"noopener\">Messes<\/a><\/p>\n<p style=\"text-align: center;\">EGLISE DE L&rsquo;ASSOMPTION<br \/>\nMesse de la f\u00eate patronale le 15 ao\u00fbt<br \/>\n<img fetchpriority=\"high\" decoding=\"async\" class=\"alignnone size-medium wp-image-7273 aligncenter\" src=\"http:\/\/www.secteur-lafertealais.fr\/wp-content\/uploads\/2019\/05\/eglise_champcueil-300x225.jpg\" alt=\"\" width=\"300\" height=\"225\" srcset=\"https:\/\/www.secteur-lafertealais.fr\/wp-content\/uploads\/2019\/05\/eglise_champcueil-300x225.jpg 300w, https:\/\/www.secteur-lafertealais.fr\/wp-content\/uploads\/2019\/05\/eglise_champcueil.jpg 320w\" sizes=\"(max-width: 300px) 100vw, 300px\" \/><br \/>\nOn remarque la taille importante de l&rsquo;\u00e9glise de l&rsquo;Assomption malgr\u00e9 :<\/p>\n<ul style=\"text-align: justify;\">\n<li>Une population qui n&rsquo;a jamais \u00e9t\u00e9 tr\u00e8s nombreuse au cours des \u00e2ges.<\/li>\n<li>Champcueil n&rsquo;a pas \u00e9t\u00e9 un lieu de p\u00e8lerinage depuis sa construction.<\/li>\n<\/ul>\n<p style=\"text-align: justify;\">On trouve des t\u00e9moignages de ma\u00e7onnerie pr\u00e9romane sous le ch\u0153ur (on consid\u00e8re en g\u00e9n\u00e9ral le d\u00e9but du roman au 5e si\u00e8cle).<br \/>\nL&rsquo;\u00e9glise actuelle date du 12e si\u00e8cle et a \u00e9t\u00e9 remani\u00e9e au cours des si\u00e8cles, ainsi au 19e si\u00e8cle la partie haute du clocher a \u00e9t\u00e9 abattue.<br \/>\nL&rsquo;\u00e9glise comporte 3 pignons : celui du porche, de la nef, et du c\u0153ur.<br \/>\nLa plupart des chapiteaux des piliers sont orn\u00e9s de feuillages et de t\u00eates d&rsquo;ange ; un de ces piliers a la particularit\u00e9 de comporter une t\u00eate de mort sculpt\u00e9e en bas relief.<br \/>\nLe retable du 17e si\u00e8cle, les fonts baptismaux du 15e si\u00e8cle, la cloche de la fin du 16e si\u00e8cle et une statue de Saint Thibaut, du 17e si\u00e8cle, ont \u00e9t\u00e9 class\u00e9s monuments historiques en 1994.<\/p>\n","protected":false},"excerpt":{"rendered":"<p>Population : 2753 habitants\u00a0 en 2007 ( source insee) Messes EGLISE DE L&rsquo;ASSOMPTION Messe de la f\u00eate patronale le 15 ao\u00fbt On remarque la taille importante de l&rsquo;\u00e9glise de l&rsquo;Assomption malgr\u00e9 : Une population qui n&rsquo;a jamais \u00e9t\u00e9 tr\u00e8s nombreuse au cours des \u00e2ges. Champcueil n&rsquo;a pas \u00e9t\u00e9 un lieu de p\u00e8lerinage depuis sa construction. [&hellip;]<\/p>\n","protected":false},"author":1,"featured_media":0,"parent":0,"menu_order":0,"comment_status":"closed","ping_status":"closed","template":"","meta":{"footnotes":""},"class_list":["post-446","page","type-page","status-publish","hentry"],"jetpack_sharing_enabled":true,"_links":{"self":[{"href":"https:\/\/www.secteur-lafertealais.fr\/index.php\/wp-json\/wp\/v2\/pages\/446"}],"collection":[{"href":"https:\/\/www.secteur-lafertealais.fr\/index.php\/wp-json\/wp\/v2\/pages"}],"about":[{"href":"https:\/\/www.secteur-lafertealais.fr\/index.php\/wp-json\/wp\/v2\/types\/page"}],"author":[{"embeddable":true,"href":"https:\/\/www.secteur-lafertealais.fr\/index.php\/wp-json\/wp\/v2\/users\/1"}],"replies":[{"embeddable":true,"href":"https:\/\/www.secteur-lafertealais.fr\/index.php\/wp-json\/wp\/v2\/comments?post=446"}],"version-history":[{"count":5,"href":"https:\/\/www.secteur-lafertealais.fr\/index.php\/wp-json\/wp\/v2\/pages\/446\/revisions"}],"predecessor-version":[{"id":7335,"href":"https:\/\/www.secteur-lafertealais.fr\/index.php\/wp-json\/wp\/v2\/pages\/446\/revisions\/7335"}],"wp:attachment":[{"href":"https:\/\/www.secteur-lafertealais.fr\/index.php\/wp-json\/wp\/v2\/media?parent=446"}],"curies":[{"name":"wp","href":"https:\/\/api.w.org\/{rel}","templated":true}]}}