{"id":466,"date":"2016-11-20T14:59:03","date_gmt":"2016-11-20T13:59:03","guid":{"rendered":"http:\/\/localhost\/wordpress\/?page_id=466"},"modified":"2019-05-18T09:50:35","modified_gmt":"2019-05-18T07:50:35","slug":"paroisse-de-baulne","status":"publish","type":"page","link":"https:\/\/www.secteur-lafertealais.fr\/index.php\/paroisse-de-baulne\/","title":{"rendered":"Paroisse de BAULNE"},"content":{"rendered":"<p>Population : 1364 habitants en 2007 ( source insee)<\/p>\n<p>Messe \u00e0 Baulne pour la Saint Etienne .<\/p>\n<p style=\"text-align: center;\">Eglise Saint ETIENNE<\/p>\n<p><img fetchpriority=\"high\" decoding=\"async\" class=\"size-medium wp-image-7243 aligncenter\" src=\"http:\/\/www.secteur-lafertealais.fr\/wp-content\/uploads\/2019\/05\/eglise_baulne-300x225.jpg\" alt=\"\" width=\"300\" height=\"225\" srcset=\"https:\/\/www.secteur-lafertealais.fr\/wp-content\/uploads\/2019\/05\/eglise_baulne-300x225.jpg 300w, https:\/\/www.secteur-lafertealais.fr\/wp-content\/uploads\/2019\/05\/eglise_baulne.jpg 320w\" sizes=\"(max-width: 300px) 100vw, 300px\" \/><br \/>\nL&rsquo;\u00e9glise Saint-\u00c9tienne date vraisemblablement du XIe si\u00e8cle, elle succ\u00e9da \u00e0 une chapelle du Ve si\u00e8cle d\u00e9j\u00e0 consacr\u00e9e \u00e0 Saint-\u00c9tienne.<br \/>\nL&rsquo;\u00e9glise Saint-\u00c9tienne connut bien des vicissitudes et d\u00e9gradations en particulier au XVIIe si\u00e8cle par l&rsquo;Arm\u00e9e des Princes puis lors de la r\u00e9volution o\u00f9 elle servit de \u2018&rsquo;maison commune\u00a0\u00bb avec<br \/>\ncette inscription : \u00ab Temple de la Raison Triomphante \u00bb.<br \/>\nLe portail date de l&rsquo;origine de l&rsquo;\u00e9glise, les contreforts qui renforcent la fa\u00e7ade furent construits probablement \u00e0 une date ult\u00e9rieure.<br \/>\nL&rsquo;\u00e9glise poss\u00e8de de beaux chapiteaux sculpt\u00e9s ; l&rsquo;origine des sculptures est incertaine : elles proviennent peut-\u00eatre d&rsquo;un temple pa\u00efen, ou de l&rsquo;ancienne chapelle.<br \/>\nIl faut \u00e9galement signaler un autel en bois peint, d\u00e9di\u00e9 \u00e0 la Vierge, qui a conserv\u00e9 son tabernacle ; il d\u00e9core la chapelle de la Vierge , dont le plafond est orn\u00e9 d&rsquo;\u00e9cussons d&rsquo;\u00e9v\u00eaques.<\/p>\n","protected":false},"excerpt":{"rendered":"<p>Population : 1364 habitants en 2007 ( source insee) Messe \u00e0 Baulne pour la Saint Etienne . Eglise Saint ETIENNE L&rsquo;\u00e9glise Saint-\u00c9tienne date vraisemblablement du XIe si\u00e8cle, elle succ\u00e9da \u00e0 une chapelle du Ve si\u00e8cle d\u00e9j\u00e0 consacr\u00e9e \u00e0 Saint-\u00c9tienne. L&rsquo;\u00e9glise Saint-\u00c9tienne connut bien des vicissitudes et d\u00e9gradations en particulier au XVIIe si\u00e8cle par l&rsquo;Arm\u00e9e des [&hellip;]<\/p>\n","protected":false},"author":1,"featured_media":0,"parent":0,"menu_order":0,"comment_status":"closed","ping_status":"closed","template":"","meta":{"footnotes":""},"class_list":["post-466","page","type-page","status-publish","hentry"],"jetpack_sharing_enabled":true,"_links":{"self":[{"href":"https:\/\/www.secteur-lafertealais.fr\/index.php\/wp-json\/wp\/v2\/pages\/466"}],"collection":[{"href":"https:\/\/www.secteur-lafertealais.fr\/index.php\/wp-json\/wp\/v2\/pages"}],"about":[{"href":"https:\/\/www.secteur-lafertealais.fr\/index.php\/wp-json\/wp\/v2\/types\/page"}],"author":[{"embeddable":true,"href":"https:\/\/www.secteur-lafertealais.fr\/index.php\/wp-json\/wp\/v2\/users\/1"}],"replies":[{"embeddable":true,"href":"https:\/\/www.secteur-lafertealais.fr\/index.php\/wp-json\/wp\/v2\/comments?post=466"}],"version-history":[{"count":3,"href":"https:\/\/www.secteur-lafertealais.fr\/index.php\/wp-json\/wp\/v2\/pages\/466\/revisions"}],"predecessor-version":[{"id":7245,"href":"https:\/\/www.secteur-lafertealais.fr\/index.php\/wp-json\/wp\/v2\/pages\/466\/revisions\/7245"}],"wp:attachment":[{"href":"https:\/\/www.secteur-lafertealais.fr\/index.php\/wp-json\/wp\/v2\/media?parent=466"}],"curies":[{"name":"wp","href":"https:\/\/api.w.org\/{rel}","templated":true}]}}