{"id":468,"date":"2016-11-20T15:04:29","date_gmt":"2016-11-20T14:04:29","guid":{"rendered":"http:\/\/localhost\/wordpress\/?page_id=468"},"modified":"2019-11-02T17:04:18","modified_gmt":"2019-11-02T16:04:18","slug":"paroisse-de-la-ferte-alais","status":"publish","type":"page","link":"https:\/\/www.secteur-lafertealais.fr\/index.php\/paroisse-de-la-ferte-alais\/","title":{"rendered":"Paroisse de La FERTE ALAIS"},"content":{"rendered":"<p>Population :\u00a04015 habitants en 2007 ( source insee)<\/p>\n<p><a href=\"http:\/\/www.secteur-lafertealais.fr\/index.php\/messes\/\" target=\"_blank\" rel=\"noopener\">MESSES<\/a><\/p>\n<p style=\"text-align: center;\">\u00a0EGLISE NOTRE DAME DE L&rsquo;ASSOMPTION<\/p>\n<p><img fetchpriority=\"high\" decoding=\"async\" class=\"alignnone size-medium wp-image-7257 aligncenter\" src=\"http:\/\/www.secteur-lafertealais.fr\/wp-content\/uploads\/2019\/05\/eglise_lfa-225x300.jpg\" alt=\"\" width=\"225\" height=\"300\" srcset=\"https:\/\/www.secteur-lafertealais.fr\/wp-content\/uploads\/2019\/05\/eglise_lfa-225x300.jpg 225w, https:\/\/www.secteur-lafertealais.fr\/wp-content\/uploads\/2019\/05\/eglise_lfa.jpg 400w\" sizes=\"(max-width: 225px) 100vw, 225px\" \/><\/p>\n<p>L\u2019Eglise Notre Dame, est l\u2019exhaussement d\u2019une \u00e9glise construite entre 1053 et 1060.<br \/>\nLes murs primitifs, qui forment la base du nouveau b\u00e2timent et que l\u2019on peut remarquer sur presque tout le pourtour de l\u2019\u00e9glise sont en calcaire coquillier (ils contiennent des d\u00e9bris de coquillages).<br \/>\nLa partie gothique est en pierre dure provenant des carri\u00e8res du Tertre et les chapiteaux sont en calcaire de Parisis.<br \/>\nOn a longtemps consid\u00e9r\u00e9 que le d\u00e9part de l\u2019aventure gothique (en 300 ans les oeuvriers des Cath\u00e9drales taill\u00e8rent et assembl\u00e8rent plus de pierres que l\u2019Egypte dans toute son histoire) se situait aux environs de 1145 lorsque l\u2019abb\u00e9 Suger, ministre du roi Louis VI termina le ch\u0153ur de l\u2019abbatiale de Saint Denis.<br \/>\nLa construction de la vo\u00fbte gothique de l\u2019\u00e9glise de La Fert\u00e9 Alais a commenc\u00e9 en 1120, avant m\u00eame la nomination de Suger comme abb\u00e9 de Saint Denis, elle a concern\u00e9 les trois trav\u00e9es de la nef.<br \/>\nUne seconde campagne \u00e0 partir de 1140 a concern\u00e9 le transept et le ch\u0153ur.<\/p>\n<p>L\u2019 \u00e9glise peut donc \u00eatre consid\u00e9r\u00e9e comme la premi\u00e8re \u00e9glise de style gothique primitif, avant la basilique de Saint Denis.<br \/>\nElle combine la construction d\u2019une vo\u00fbte d\u2019un style r\u00e9volutionnaire pour l\u2019\u00e9poque et d\u2019une technique de ma\u00e7onnerie connue depuis les romains\u00a0: elle a en effet une vo\u00fbte concr\u00e8te, c\u2019est-\u00e0-dire constitu\u00e9e par un blocage d\u2019\u00e9clats de pierres, noy\u00e9s dans un bain de mortier.<br \/>\nCe bloc monolithique exer\u00e7ant une pouss\u00e9e verticale, explique l\u2019absence d\u2019arcs-boutants \u00e0 l\u2019ext\u00e9rieur de l\u2019\u00e9glise.<\/p>\n<p style=\"text-align: left;\">\u00a0Jusque l\u00e0 les architectes n\u2019avaient pas d\u00e9pass\u00e9 5 m\u00e8tres 70 pour la partie des vo\u00fbtes entre deux piles :<br \/>\n\u00e0 La Fert\u00e9 Alais, ils ont r\u00e9alis\u00e9 une port\u00e9e de 9 m\u00e8tres 80.<\/p>\n<p>La fl\u00e8che, en pierre taill\u00e9e du tertre s\u2019\u00e9l\u00e8ve \u00e0 43 m\u00e8tres, cette dimension \u00e9tant la m\u00eame que la longueur de l\u2019\u00e9glise.<br \/>\nL\u2019autel du ch\u0153ur est d\u00e9cor\u00e9 par l\u2019unique panneau qui subsiste d\u2019un coffre \u00e0 archives datant de l\u2019\u00e9poque Henri IV : y figurent, sculpt\u00e9s en bas-relief, la Vierge \u00e0 l\u2019Enfant, encadr\u00e9e par saint Jean Baptiste, sainte Madeleine, saint Joseph et sainte Anne.<\/p>\n<p>&nbsp;<\/p>\n","protected":false},"excerpt":{"rendered":"<p>Population :\u00a04015 habitants en 2007 ( source insee) MESSES \u00a0EGLISE NOTRE DAME DE L&rsquo;ASSOMPTION L\u2019Eglise Notre Dame, est l\u2019exhaussement d\u2019une \u00e9glise construite entre 1053 et 1060. Les murs primitifs, qui forment la base du nouveau b\u00e2timent et que l\u2019on peut remarquer sur presque tout le pourtour de l\u2019\u00e9glise sont en calcaire coquillier (ils contiennent des [&hellip;]<\/p>\n","protected":false},"author":1,"featured_media":0,"parent":0,"menu_order":0,"comment_status":"closed","ping_status":"closed","template":"","meta":{"footnotes":""},"class_list":["post-468","page","type-page","status-publish","hentry"],"jetpack_sharing_enabled":true,"_links":{"self":[{"href":"https:\/\/www.secteur-lafertealais.fr\/index.php\/wp-json\/wp\/v2\/pages\/468"}],"collection":[{"href":"https:\/\/www.secteur-lafertealais.fr\/index.php\/wp-json\/wp\/v2\/pages"}],"about":[{"href":"https:\/\/www.secteur-lafertealais.fr\/index.php\/wp-json\/wp\/v2\/types\/page"}],"author":[{"embeddable":true,"href":"https:\/\/www.secteur-lafertealais.fr\/index.php\/wp-json\/wp\/v2\/users\/1"}],"replies":[{"embeddable":true,"href":"https:\/\/www.secteur-lafertealais.fr\/index.php\/wp-json\/wp\/v2\/comments?post=468"}],"version-history":[{"count":8,"href":"https:\/\/www.secteur-lafertealais.fr\/index.php\/wp-json\/wp\/v2\/pages\/468\/revisions"}],"predecessor-version":[{"id":7404,"href":"https:\/\/www.secteur-lafertealais.fr\/index.php\/wp-json\/wp\/v2\/pages\/468\/revisions\/7404"}],"wp:attachment":[{"href":"https:\/\/www.secteur-lafertealais.fr\/index.php\/wp-json\/wp\/v2\/media?parent=468"}],"curies":[{"name":"wp","href":"https:\/\/api.w.org\/{rel}","templated":true}]}}