{"id":470,"date":"2016-11-20T15:08:35","date_gmt":"2016-11-20T14:08:35","guid":{"rendered":"http:\/\/localhost\/wordpress\/?page_id=470"},"modified":"2019-05-18T09:58:24","modified_gmt":"2019-05-18T07:58:24","slug":"paroisse-de-guigneville","status":"publish","type":"page","link":"https:\/\/www.secteur-lafertealais.fr\/index.php\/paroisse-de-guigneville\/","title":{"rendered":"Paroisse de GUIGNEVILLE"},"content":{"rendered":"<p>Population :\u00a0975 habitants en 2007 ( source insee)<\/p>\n<p><a href=\"http:\/\/www.secteur-lafertealais.fr\/index.php\/messes\/\" target=\"_blank\" rel=\"noopener\">Messe<\/a><\/p>\n<p style=\"text-align: center;\">EGLISE SAINT FIRMIN<\/p>\n<p><img fetchpriority=\"high\" decoding=\"async\" class=\"size-medium wp-image-7255 aligncenter\" src=\"http:\/\/www.secteur-lafertealais.fr\/wp-content\/uploads\/2019\/05\/eglise_guigneville-300x225.jpg\" alt=\"\" width=\"300\" height=\"225\" srcset=\"https:\/\/www.secteur-lafertealais.fr\/wp-content\/uploads\/2019\/05\/eglise_guigneville-300x225.jpg 300w, https:\/\/www.secteur-lafertealais.fr\/wp-content\/uploads\/2019\/05\/eglise_guigneville.jpg 320w\" sizes=\"(max-width: 300px) 100vw, 300px\" \/><br \/>\nL&rsquo;\u00e9glise Saint Firmin f\u00fbt construite en 1120, pratiquement en m\u00eame temps que celle de La Fert\u00e9 Alais.<br \/>\nMalgr\u00e9 des modifications s&rsquo;\u00e9chelonnant du XIIe au XVIe si\u00e8cle, elle a gard\u00e9 un caract\u00e8re roman incontestable.<br \/>\nL&rsquo;\u00e9glise poss\u00e8de des chapiteaux sculpt\u00e9s de style roman et une statue en bois repr\u00e9sentant la Vierge tenant l&rsquo;Enfant de son bras droit et une corbeille de fruits de l&rsquo;autre.<br \/>\nL&rsquo; \u00e9glise poss\u00e8de aussi une poutre du tref, dite poutre de gloire, \u00e0 la jonction du ch\u0153ur et de la nef ; cette tradition remonte aux \u00e9glises pal\u00e9ochr\u00e9tiennes ( 200 \u00e0 500 apr\u00e8s JC).<br \/>\nLa poutre de gloire s\u00e9pare, symboliquement, le ch\u0153ur de la nef, le sacr\u00e9 du profane.<br \/>\nLa poutre est d\u00e9cor\u00e9e d&rsquo;un Christ en croix du 17e si\u00e8cle, entour\u00e9 des statues de Saint Jean et de la Vierge, du XVIe si\u00e8cle.<\/p>\n","protected":false},"excerpt":{"rendered":"<p>Population :\u00a0975 habitants en 2007 ( source insee) Messe EGLISE SAINT FIRMIN L&rsquo;\u00e9glise Saint Firmin f\u00fbt construite en 1120, pratiquement en m\u00eame temps que celle de La Fert\u00e9 Alais. Malgr\u00e9 des modifications s&rsquo;\u00e9chelonnant du XIIe au XVIe si\u00e8cle, elle a gard\u00e9 un caract\u00e8re roman incontestable. L&rsquo;\u00e9glise poss\u00e8de des chapiteaux sculpt\u00e9s de style roman et une [&hellip;]<\/p>\n","protected":false},"author":1,"featured_media":0,"parent":0,"menu_order":0,"comment_status":"closed","ping_status":"closed","template":"","meta":{"footnotes":""},"class_list":["post-470","page","type-page","status-publish","hentry"],"jetpack_sharing_enabled":true,"_links":{"self":[{"href":"https:\/\/www.secteur-lafertealais.fr\/index.php\/wp-json\/wp\/v2\/pages\/470"}],"collection":[{"href":"https:\/\/www.secteur-lafertealais.fr\/index.php\/wp-json\/wp\/v2\/pages"}],"about":[{"href":"https:\/\/www.secteur-lafertealais.fr\/index.php\/wp-json\/wp\/v2\/types\/page"}],"author":[{"embeddable":true,"href":"https:\/\/www.secteur-lafertealais.fr\/index.php\/wp-json\/wp\/v2\/users\/1"}],"replies":[{"embeddable":true,"href":"https:\/\/www.secteur-lafertealais.fr\/index.php\/wp-json\/wp\/v2\/comments?post=470"}],"version-history":[{"count":3,"href":"https:\/\/www.secteur-lafertealais.fr\/index.php\/wp-json\/wp\/v2\/pages\/470\/revisions"}],"predecessor-version":[{"id":7256,"href":"https:\/\/www.secteur-lafertealais.fr\/index.php\/wp-json\/wp\/v2\/pages\/470\/revisions\/7256"}],"wp:attachment":[{"href":"https:\/\/www.secteur-lafertealais.fr\/index.php\/wp-json\/wp\/v2\/media?parent=470"}],"curies":[{"name":"wp","href":"https:\/\/api.w.org\/{rel}","templated":true}]}}