{"id":472,"date":"2016-11-20T15:11:46","date_gmt":"2016-11-20T14:11:46","guid":{"rendered":"http:\/\/localhost\/wordpress\/?page_id=472"},"modified":"2019-05-18T10:01:15","modified_gmt":"2019-05-18T08:01:15","slug":"paroisse-de-mondeville","status":"publish","type":"page","link":"https:\/\/www.secteur-lafertealais.fr\/index.php\/paroisse-de-mondeville\/","title":{"rendered":"Paroisse de MONDEVILLE"},"content":{"rendered":"<div class=\"paroisses\">\n<p>Population : 667 habitants en\u00a02007 ( source insee)<\/p>\n<p>Pas de messe \u00e0 Mondeville<\/p>\n<\/div>\n<div class=\"paroisses\"><\/div>\n<div class=\"paroisses\" style=\"text-align: center;\">Eglise Saint MARTIN<\/div>\n<p><img fetchpriority=\"high\" decoding=\"async\" class=\"size-medium wp-image-7259 aligncenter\" src=\"http:\/\/www.secteur-lafertealais.fr\/wp-content\/uploads\/2019\/05\/eglise_mondeville-300x225.jpg\" alt=\"\" width=\"300\" height=\"225\" srcset=\"https:\/\/www.secteur-lafertealais.fr\/wp-content\/uploads\/2019\/05\/eglise_mondeville-300x225.jpg 300w, https:\/\/www.secteur-lafertealais.fr\/wp-content\/uploads\/2019\/05\/eglise_mondeville.jpg 320w\" sizes=\"(max-width: 300px) 100vw, 300px\" \/><br \/>\nL&rsquo;\u00e9glise de Mondeville, d\u00e9di\u00e9e \u00e0 St Martin, fut \u00e9difi\u00e9e en 2 temps : aux XII e et XIIIe si\u00e8cles, construction du clocher et du ch\u0153ur,\u00a0 au XVe si\u00e8cle celle de la nef.<\/p>\n<p class=\"paroisses\" style=\"text-align: justify;\">L&rsquo;\u00e9glise de Mondeville pr\u00e9sente un plan tr\u00e8s simple : un vaisseau de cinq trav\u00e9es \u00e0 chevet plat et un bas-c\u00f4t\u00e9 assez \u00e9troit, plus bas, sur lequel prend appui le clocher, grosse tour carr\u00e9e hors service de vingt-cinq m\u00e8tres de hauteur et dont les murs mesurent un m\u00e8tre d&rsquo;\u00e9paisseur. La nef, le ch\u0153ur et les 2 trav\u00e9es du bas-c\u00f4t\u00e9s attenantes au ch\u0153ur (chapelle de la Vierge) sont vo\u00fbt\u00e9es d&rsquo;ogives.<\/p>\n<p class=\"paroisses\" style=\"text-align: justify;\">Le choeur, s\u00e9par\u00e9 de la nef par un emmarchement se distingue par un d\u00e9cor peint en 1886. En restauration, le ch\u0153ur est toujours ferm\u00e9 au public, des fresques ont \u00e9t\u00e9 d\u00e9couvertes.<\/p>\n<p class=\"paroisses\" style=\"text-align: justify;\">La nef fut refaite \u00e0 la fin du XIVe ou XVe si\u00e8cle. Seules les clefs de vo\u00fbte sont peintes dans cette partie-l\u00e0. L&rsquo;autel du XIXe met en sc\u00e8ne un gisant portant l&rsquo;inscription \u00ab mort de saint Martin \u00bb. L&rsquo;\u00e9glise poss\u00e8de une barri\u00e8re de ch\u0153ur et un banc seigneurial en bois sculpt\u00e9 du 18e si\u00e8cle.<\/p>\n<p class=\"paroisses\" style=\"text-align: justify;\">Un vitrail sur la fa\u00e7ade ouest repr\u00e9sente saint Laurent, patron des pauvres (ex\u00e9cut\u00e9 \u00e0 Rome lors des pers\u00e9cutions de 258), reconnaissable \u00e0 ses attributs : la palme du martyr et le gril.<\/p>\n<p class=\"paroisses\">Apr\u00e8s la restauration des vo\u00fbtes et des piliers, l&rsquo;\u00e9glise est rouverte depuis le printemps 2006.<\/p>\n","protected":false},"excerpt":{"rendered":"<p>Population : 667 habitants en\u00a02007 ( source insee) Pas de messe \u00e0 Mondeville Eglise Saint MARTIN L&rsquo;\u00e9glise de Mondeville, d\u00e9di\u00e9e \u00e0 St Martin, fut \u00e9difi\u00e9e en 2 temps : aux XII e et XIIIe si\u00e8cles, construction du clocher et du ch\u0153ur,\u00a0 au XVe si\u00e8cle celle de la nef. L&rsquo;\u00e9glise de Mondeville pr\u00e9sente un plan tr\u00e8s [&hellip;]<\/p>\n","protected":false},"author":1,"featured_media":0,"parent":0,"menu_order":0,"comment_status":"closed","ping_status":"closed","template":"","meta":{"footnotes":""},"class_list":["post-472","page","type-page","status-publish","hentry"],"jetpack_sharing_enabled":true,"_links":{"self":[{"href":"https:\/\/www.secteur-lafertealais.fr\/index.php\/wp-json\/wp\/v2\/pages\/472"}],"collection":[{"href":"https:\/\/www.secteur-lafertealais.fr\/index.php\/wp-json\/wp\/v2\/pages"}],"about":[{"href":"https:\/\/www.secteur-lafertealais.fr\/index.php\/wp-json\/wp\/v2\/types\/page"}],"author":[{"embeddable":true,"href":"https:\/\/www.secteur-lafertealais.fr\/index.php\/wp-json\/wp\/v2\/users\/1"}],"replies":[{"embeddable":true,"href":"https:\/\/www.secteur-lafertealais.fr\/index.php\/wp-json\/wp\/v2\/comments?post=472"}],"version-history":[{"count":4,"href":"https:\/\/www.secteur-lafertealais.fr\/index.php\/wp-json\/wp\/v2\/pages\/472\/revisions"}],"predecessor-version":[{"id":7260,"href":"https:\/\/www.secteur-lafertealais.fr\/index.php\/wp-json\/wp\/v2\/pages\/472\/revisions\/7260"}],"wp:attachment":[{"href":"https:\/\/www.secteur-lafertealais.fr\/index.php\/wp-json\/wp\/v2\/media?parent=472"}],"curies":[{"name":"wp","href":"https:\/\/api.w.org\/{rel}","templated":true}]}}