{"id":488,"date":"2016-11-20T15:21:55","date_gmt":"2016-11-20T14:21:55","guid":{"rendered":"http:\/\/localhost\/wordpress\/?page_id=488"},"modified":"2019-05-18T10:04:34","modified_gmt":"2019-05-18T08:04:34","slug":"paroisse-decharcon","status":"publish","type":"page","link":"https:\/\/www.secteur-lafertealais.fr\/index.php\/paroisse-decharcon\/","title":{"rendered":"Paroisse d&rsquo;ECHARCON"},"content":{"rendered":"<p>Population: 724 habitants en 2007 ( source insee)<\/p>\n<p style=\"text-align: center;\">Eglise Saint MARTIN<\/p>\n<p><img decoding=\"async\" class=\"alignnone size-full wp-image-7261 aligncenter\" src=\"http:\/\/www.secteur-lafertealais.fr\/wp-content\/uploads\/2019\/05\/Echarcon_St_Martin.jpg\" alt=\"\" width=\"251\" height=\"189\" \/><\/p>\n<p style=\"text-align: justify;\">\u00a0L&rsquo;\u00e9glise Saint Martin a \u00e9t\u00e9 construite au 12e et 13e si\u00e8cle. La nef a \u00e9t\u00e9 reconstruite au 18e si\u00e8cle.<\/p>\n<p style=\"text-align: justify;\">L&rsquo; \u00e9glise poss\u00e8de une dalle fun\u00e9raire au nom de Christophe Bouquier, mort en 1530.( info: base inventaire des monuments de France)<\/p>\n<p style=\"text-align: justify;\">La dalle a \u00e9t\u00e9 class\u00e9e monument historique en 1994<\/p>\n<p style=\"text-align: justify;\">\n","protected":false},"excerpt":{"rendered":"<p>Population: 724 habitants en 2007 ( source insee) Eglise Saint MARTIN \u00a0L&rsquo;\u00e9glise Saint Martin a \u00e9t\u00e9 construite au 12e et 13e si\u00e8cle. La nef a \u00e9t\u00e9 reconstruite au 18e si\u00e8cle. L&rsquo; \u00e9glise poss\u00e8de une dalle fun\u00e9raire au nom de Christophe Bouquier, mort en 1530.( info: base inventaire des monuments de France) La dalle a \u00e9t\u00e9 [&hellip;]<\/p>\n","protected":false},"author":1,"featured_media":0,"parent":0,"menu_order":0,"comment_status":"closed","ping_status":"closed","template":"","meta":{"footnotes":""},"class_list":["post-488","page","type-page","status-publish","hentry"],"jetpack_sharing_enabled":true,"_links":{"self":[{"href":"https:\/\/www.secteur-lafertealais.fr\/index.php\/wp-json\/wp\/v2\/pages\/488"}],"collection":[{"href":"https:\/\/www.secteur-lafertealais.fr\/index.php\/wp-json\/wp\/v2\/pages"}],"about":[{"href":"https:\/\/www.secteur-lafertealais.fr\/index.php\/wp-json\/wp\/v2\/types\/page"}],"author":[{"embeddable":true,"href":"https:\/\/www.secteur-lafertealais.fr\/index.php\/wp-json\/wp\/v2\/users\/1"}],"replies":[{"embeddable":true,"href":"https:\/\/www.secteur-lafertealais.fr\/index.php\/wp-json\/wp\/v2\/comments?post=488"}],"version-history":[{"count":3,"href":"https:\/\/www.secteur-lafertealais.fr\/index.php\/wp-json\/wp\/v2\/pages\/488\/revisions"}],"predecessor-version":[{"id":7263,"href":"https:\/\/www.secteur-lafertealais.fr\/index.php\/wp-json\/wp\/v2\/pages\/488\/revisions\/7263"}],"wp:attachment":[{"href":"https:\/\/www.secteur-lafertealais.fr\/index.php\/wp-json\/wp\/v2\/media?parent=488"}],"curies":[{"name":"wp","href":"https:\/\/api.w.org\/{rel}","templated":true}]}}