{"id":494,"date":"2016-11-20T15:31:40","date_gmt":"2016-11-20T14:31:40","guid":{"rendered":"http:\/\/localhost\/wordpress\/?page_id=494"},"modified":"2022-09-21T12:14:02","modified_gmt":"2022-09-21T10:14:02","slug":"paroisse-de-mennecy","status":"publish","type":"page","link":"https:\/\/www.secteur-lafertealais.fr\/index.php\/paroisse-de-mennecy\/","title":{"rendered":"Paroisse de MENNECY"},"content":{"rendered":"<p style=\"padding-left: 90px; text-align: right;\">Population \u00a0: \u00a0 14 501 habitants au 01\/01\/2021<br \/>\n(source mairie de Mennecy)<br \/>\n<a href=\"https:\/\/www.secteur-lafertealais.fr\/index.php\/mennecy-intranet\/\" target=\"_blank\" rel=\"noopener noreferrer\">___________________________________________________<\/a><\/p>\n<p><a href=\"http:\/\/www.secteur-lafertealais.fr\/index.php\/messes\/\" target=\"_blank\" rel=\"noopener noreferrer\">Messes<\/a><\/p>\n<p><center><\/center><center><strong>Eglise Saint Pierre<br \/>\n<\/strong><\/center><a href=\"http:\/\/www.mennecy-et-son-histoire.com\/eglise_a_mennecy.htm\" target=\"_blank\" rel=\"noopener noreferrer\"><img fetchpriority=\"high\" decoding=\"async\" class=\"wp-image-1412 aligncenter\" src=\"http:\/\/www.secteur-lafertealais.fr\/wp-content\/uploads\/2016\/11\/Eglise-St-Pierre-227x300.jpg\" alt=\"\" width=\"252\" height=\"333\" srcset=\"https:\/\/www.secteur-lafertealais.fr\/wp-content\/uploads\/2016\/11\/Eglise-St-Pierre-227x300.jpg 227w, https:\/\/www.secteur-lafertealais.fr\/wp-content\/uploads\/2016\/11\/Eglise-St-Pierre.jpg 506w\" sizes=\"(max-width: 252px) 100vw, 252px\" \/><\/a><br \/>\nL&rsquo;\u00e9glise Saint Pierre a \u00e9t\u00e9 construite au 13e si\u00e8cle, elle a \u00e9t\u00e9 class\u00e9e monument historique en 1992.<span class=\"Apple-converted-space\">\u00a0<\/span><br \/>\nElle poss\u00e8de un retable\u00a0 de 1753 class\u00e9 monument historique en 1994<\/p>\n<p><a href=\"https:\/\/www.secteur-lafertealais.fr\/wp-content\/uploads\/2022\/09\/Pretres-a-Mennecy.pdf\" target=\"_blank\" rel=\"noopener\">Pr\u00eatres \u00e0 Mennecy<\/a><\/p>\n<p style=\"text-align: center;\"><strong>Chapelle Sainte Claire\u00a0<\/strong><\/p>\n<p style=\"text-align: center;\">Construit dans les ann\u00e9es 1980, ce lieu de pri\u00e8re et de c\u00e9l\u00e9bration est situ\u00e9 pr\u00e8s du centre commercial de la Verville .<\/p>\n<p style=\"text-align: center;\"><a href=\"http:\/\/www.chantiersducardinal.fr\/travaux\/eglise-en-cours\/agrandissement-de-la-chapelle-sainte-claire-d-assise-a-mennecy-91\" target=\"_blank\" rel=\"noopener noreferrer\"><img decoding=\"async\" class=\"alignnone wp-image-1101\" src=\"http:\/\/www.secteur-lafertealais.fr\/wp-content\/uploads\/2016\/11\/Sainte_Claire-2-300x169.jpg\" alt=\"\" width=\"374\" height=\"210\" srcset=\"https:\/\/www.secteur-lafertealais.fr\/wp-content\/uploads\/2016\/11\/Sainte_Claire-2-300x169.jpg 300w, https:\/\/www.secteur-lafertealais.fr\/wp-content\/uploads\/2016\/11\/Sainte_Claire-2-768x431.jpg 768w, https:\/\/www.secteur-lafertealais.fr\/wp-content\/uploads\/2016\/11\/Sainte_Claire-2-1024x575.jpg 1024w, https:\/\/www.secteur-lafertealais.fr\/wp-content\/uploads\/2016\/11\/Sainte_Claire-2.jpg 1200w\" sizes=\"(max-width: 374px) 100vw, 374px\" \/><\/a><\/p>\n<p style=\"text-align: center;\"><a href=\"http:\/\/www.chantiersducardinal.fr\/travaux\/eglise-en-cours\/agrandissement-de-la-chapelle-sainte-claire-d-assise-a-mennecy-91\" target=\"_blank\" rel=\"noopener noreferrer\"><strong>Projet 2017 d&rsquo;agrandissement .<\/strong><\/a><\/p>\n","protected":false},"excerpt":{"rendered":"<p>Population \u00a0: \u00a0 14 501 habitants au 01\/01\/2021 (source mairie de Mennecy) ___________________________________________________ Messes Eglise Saint Pierre L&rsquo;\u00e9glise Saint Pierre a \u00e9t\u00e9 construite au 13e si\u00e8cle, elle a \u00e9t\u00e9 class\u00e9e monument historique en 1992.\u00a0 Elle poss\u00e8de un retable\u00a0 de 1753 class\u00e9 monument historique en 1994 Pr\u00eatres \u00e0 Mennecy Chapelle Sainte Claire\u00a0 Construit dans les ann\u00e9es [&hellip;]<\/p>\n","protected":false},"author":1,"featured_media":0,"parent":0,"menu_order":0,"comment_status":"closed","ping_status":"closed","template":"","meta":{"footnotes":""},"class_list":["post-494","page","type-page","status-publish","hentry"],"jetpack_sharing_enabled":true,"_links":{"self":[{"href":"https:\/\/www.secteur-lafertealais.fr\/index.php\/wp-json\/wp\/v2\/pages\/494"}],"collection":[{"href":"https:\/\/www.secteur-lafertealais.fr\/index.php\/wp-json\/wp\/v2\/pages"}],"about":[{"href":"https:\/\/www.secteur-lafertealais.fr\/index.php\/wp-json\/wp\/v2\/types\/page"}],"author":[{"embeddable":true,"href":"https:\/\/www.secteur-lafertealais.fr\/index.php\/wp-json\/wp\/v2\/users\/1"}],"replies":[{"embeddable":true,"href":"https:\/\/www.secteur-lafertealais.fr\/index.php\/wp-json\/wp\/v2\/comments?post=494"}],"version-history":[{"count":23,"href":"https:\/\/www.secteur-lafertealais.fr\/index.php\/wp-json\/wp\/v2\/pages\/494\/revisions"}],"predecessor-version":[{"id":8029,"href":"https:\/\/www.secteur-lafertealais.fr\/index.php\/wp-json\/wp\/v2\/pages\/494\/revisions\/8029"}],"wp:attachment":[{"href":"https:\/\/www.secteur-lafertealais.fr\/index.php\/wp-json\/wp\/v2\/media?parent=494"}],"curies":[{"name":"wp","href":"https:\/\/api.w.org\/{rel}","templated":true}]}}