{"id":504,"date":"2016-11-20T15:43:38","date_gmt":"2016-11-20T14:43:38","guid":{"rendered":"http:\/\/localhost\/wordpress\/?page_id=504"},"modified":"2019-05-18T10:08:59","modified_gmt":"2019-05-18T08:08:59","slug":"paroisse-dormoy","status":"publish","type":"page","link":"https:\/\/www.secteur-lafertealais.fr\/index.php\/paroisse-dormoy\/","title":{"rendered":"Paroisse d&rsquo;ORMOY"},"content":{"rendered":"<p><!-- finde_surligneconditionnel -->Population en 2007:1746 habitants<\/p>\n<p><a href=\"http:\/\/www.secteur-lafertealais.fr\/index.php\/messes\/\" target=\"_blank\" rel=\"noopener\">Messes<\/a><\/p>\n<p style=\"text-align: center;\">Eglise Saint JACQUES<\/p>\n<p><img decoding=\"async\" class=\"size-full wp-image-7265 aligncenter\" src=\"http:\/\/www.secteur-lafertealais.fr\/wp-content\/uploads\/2019\/05\/0rmoy_St_Jacques.jpg\" alt=\"\" width=\"226\" height=\"198\" \/><\/p>\n<p style=\"text-align: justify;\">L&rsquo;\u00e9glise Saint Jacques a \u00e9t\u00e9 construite au 12e si\u00e8cle, elle a \u00e9t\u00e9 class\u00e9e monument historique en 1992.<br \/>\nElle poss\u00e8de la statue d&rsquo;une Vierge de Calvaire du 16e si\u00e8cle, class\u00e9e monument historique en 1994 .<br \/>\n( info: Base inventaire des monuments de France)<\/p>\n<p>&nbsp;<\/p>\n","protected":false},"excerpt":{"rendered":"<p>Population en 2007:1746 habitants Messes Eglise Saint JACQUES L&rsquo;\u00e9glise Saint Jacques a \u00e9t\u00e9 construite au 12e si\u00e8cle, elle a \u00e9t\u00e9 class\u00e9e monument historique en 1992. Elle poss\u00e8de la statue d&rsquo;une Vierge de Calvaire du 16e si\u00e8cle, class\u00e9e monument historique en 1994 . ( info: Base inventaire des monuments de France) &nbsp;<\/p>\n","protected":false},"author":1,"featured_media":0,"parent":0,"menu_order":0,"comment_status":"closed","ping_status":"closed","template":"","meta":{"footnotes":""},"class_list":["post-504","page","type-page","status-publish","hentry"],"jetpack_sharing_enabled":true,"_links":{"self":[{"href":"https:\/\/www.secteur-lafertealais.fr\/index.php\/wp-json\/wp\/v2\/pages\/504"}],"collection":[{"href":"https:\/\/www.secteur-lafertealais.fr\/index.php\/wp-json\/wp\/v2\/pages"}],"about":[{"href":"https:\/\/www.secteur-lafertealais.fr\/index.php\/wp-json\/wp\/v2\/types\/page"}],"author":[{"embeddable":true,"href":"https:\/\/www.secteur-lafertealais.fr\/index.php\/wp-json\/wp\/v2\/users\/1"}],"replies":[{"embeddable":true,"href":"https:\/\/www.secteur-lafertealais.fr\/index.php\/wp-json\/wp\/v2\/comments?post=504"}],"version-history":[{"count":4,"href":"https:\/\/www.secteur-lafertealais.fr\/index.php\/wp-json\/wp\/v2\/pages\/504\/revisions"}],"predecessor-version":[{"id":7266,"href":"https:\/\/www.secteur-lafertealais.fr\/index.php\/wp-json\/wp\/v2\/pages\/504\/revisions\/7266"}],"wp:attachment":[{"href":"https:\/\/www.secteur-lafertealais.fr\/index.php\/wp-json\/wp\/v2\/media?parent=504"}],"curies":[{"name":"wp","href":"https:\/\/api.w.org\/{rel}","templated":true}]}}