{"id":7046,"date":"2019-03-28T14:07:57","date_gmt":"2019-03-28T13:07:57","guid":{"rendered":"http:\/\/www.secteur-lafertealais.fr\/?page_id=7046"},"modified":"2019-03-28T14:07:57","modified_gmt":"2019-03-28T13:07:57","slug":"secours-catholique-ballancourt","status":"publish","type":"page","link":"https:\/\/www.secteur-lafertealais.fr\/index.php\/secours-catholique-ballancourt\/","title":{"rendered":"Secours Catholique Ballancourt"},"content":{"rendered":"<p><strong>SECOURS CATHOLIQUE &#8211; Ballancourt<\/strong><\/p>\n<p><strong><u>Personnes aid\u00e9es\u00a0:<\/u><\/strong><\/p>\n<ul>\n<li><strong>Personnes en situation de pr\u00e9carit\u00e9 de Ballancourt et\u00a0 des communes voisines &#8211; Certaines personnes sont envoy\u00e9es par les services sociaux<\/strong><\/li>\n<li><strong>Familles de H\u00f4tel F1 d\u2019Ormoy \u2013 qui viennent le vendredi \u00e0 Ballancourt, pour le Resto du C\u0153ur<\/strong><\/li>\n<\/ul>\n<p><strong><u>Actions men\u00e9es\u00a0:<\/u><\/strong><\/p>\n<ul>\n<li><strong>accompagnement pour les d\u00e9marches administratives \/ \u00e9coute \/ conseil<\/strong><\/li>\n<li><strong>aide alimentaire et vestimentaire <\/strong><\/li>\n<li><strong>cours de fran\u00e7ais pour les r\u00e9fugi\u00e9s \u00e0 Champcueil <\/strong><\/li>\n<li><strong>sorties rando pour les r\u00e9fugi\u00e9s au F1 d&rsquo;Ormoy<\/strong><\/li>\n<\/ul>\n<p><strong><u>Composition de l\u2019\u00e9quipe\u00a0:<\/u><\/strong><\/p>\n<ul>\n<li><strong>Responsable\u00a0: Monique SONNIER &#8211; 01 64 99 75 66 &#8211; 06 42 42 48 51<\/strong><\/li>\n<li><strong>une dizaine de b\u00e9n\u00e9voles au total<\/strong><\/li>\n<\/ul>\n<p><strong><u>Coordonn\u00e9es\u00a0:<\/u><\/strong><\/p>\n<ul>\n<li><strong>Presbyt\u00e8re &#8211; 2 place de l&rsquo;\u00e9glise &#8211; 91610 Ballancourt &#8211; <\/strong><\/li>\n<\/ul>\n<p>LIEN\u00a0:<\/p>\n<p><a href=\"http:\/\/essonne.secours-catholique.org\/\"><strong>http:\/\/essonne.secours-catholique.org\/<\/strong><\/a><\/p>\n<p><strong><u>\u00a0<\/u><\/strong><\/p>\n","protected":false},"excerpt":{"rendered":"<p>SECOURS CATHOLIQUE &#8211; Ballancourt Personnes aid\u00e9es\u00a0: Personnes en situation de pr\u00e9carit\u00e9 de Ballancourt et\u00a0 des communes voisines &#8211; Certaines personnes sont envoy\u00e9es par les services sociaux Familles de H\u00f4tel F1 d\u2019Ormoy \u2013 qui viennent le vendredi \u00e0 Ballancourt, pour le Resto du C\u0153ur Actions men\u00e9es\u00a0: accompagnement pour les d\u00e9marches administratives \/ \u00e9coute \/ conseil aide [&hellip;]<\/p>\n","protected":false},"author":1,"featured_media":0,"parent":0,"menu_order":0,"comment_status":"closed","ping_status":"closed","template":"","meta":{"footnotes":""},"class_list":["post-7046","page","type-page","status-publish","hentry"],"jetpack_sharing_enabled":true,"_links":{"self":[{"href":"https:\/\/www.secteur-lafertealais.fr\/index.php\/wp-json\/wp\/v2\/pages\/7046"}],"collection":[{"href":"https:\/\/www.secteur-lafertealais.fr\/index.php\/wp-json\/wp\/v2\/pages"}],"about":[{"href":"https:\/\/www.secteur-lafertealais.fr\/index.php\/wp-json\/wp\/v2\/types\/page"}],"author":[{"embeddable":true,"href":"https:\/\/www.secteur-lafertealais.fr\/index.php\/wp-json\/wp\/v2\/users\/1"}],"replies":[{"embeddable":true,"href":"https:\/\/www.secteur-lafertealais.fr\/index.php\/wp-json\/wp\/v2\/comments?post=7046"}],"version-history":[{"count":1,"href":"https:\/\/www.secteur-lafertealais.fr\/index.php\/wp-json\/wp\/v2\/pages\/7046\/revisions"}],"predecessor-version":[{"id":7048,"href":"https:\/\/www.secteur-lafertealais.fr\/index.php\/wp-json\/wp\/v2\/pages\/7046\/revisions\/7048"}],"wp:attachment":[{"href":"https:\/\/www.secteur-lafertealais.fr\/index.php\/wp-json\/wp\/v2\/media?parent=7046"}],"curies":[{"name":"wp","href":"https:\/\/api.w.org\/{rel}","templated":true}]}}