{"id":7058,"date":"2019-03-28T14:14:50","date_gmt":"2019-03-28T13:14:50","guid":{"rendered":"http:\/\/www.secteur-lafertealais.fr\/?page_id=7058"},"modified":"2019-03-28T14:14:50","modified_gmt":"2019-03-28T13:14:50","slug":"refugies-de-lhopital-georges-clemenceau","status":"publish","type":"page","link":"https:\/\/www.secteur-lafertealais.fr\/index.php\/refugies-de-lhopital-georges-clemenceau\/","title":{"rendered":"R\u00e9fugi\u00e9s de l&rsquo;h\u00f4pital Georges Cl\u00e9menceau"},"content":{"rendered":"<p><strong>R\u00e9fugi\u00e9s de l\u2019h\u00f4pital Georges Cl\u00e9menceau de Champcueil<\/strong><\/p>\n<p><strong><u>Personnes aid\u00e9es\u00a0:<\/u><\/strong><\/p>\n<ul>\n<li><strong>200 hommes de 18 ans \u00e0 35 ans \/ soudanais, afghans \/ en cours de demande de statut de r\u00e9fugi\u00e9 \/ r\u00e9sident entre 3 et 12 mois<\/strong><\/li>\n<li><strong>Encadr\u00e9s par une \u00e9quipe de la Croix Rouge (site cr\u00e9e en 2015) \/ assistance pour les d\u00e9marches administratives, les soins, le lavage du linge, les repas \/ nombreux locaux communs sur place (r\u00e9unions, cours de fran\u00e7ais, sport\u2026). <\/strong><\/li>\n<\/ul>\n<p><strong><u>Actions en cours\u00a0:<\/u><\/strong><\/p>\n<ul>\n<li><strong>Cours de fran\u00e7ais: une vingtaine r\u00e9fugi\u00e9s suivent les cours assur\u00e9s par des b\u00e9n\u00e9voles en lien avec le Secours Catholique de Ballancourt, ou la Croix Rouge. <\/strong><\/li>\n<li><strong>Soutien du Secours Catholique d\u00e9partemental<\/strong><\/li>\n<li><strong>Autres activit\u00e9s\u00a0: sorties \/ rando en for\u00eat avec piquenique \/ visites sur Champcueil \/ rencontres \u00e0 la M\u00e9diath\u00e8que<\/strong><\/li>\n<li><strong>2 migrants sont b\u00e9n\u00e9voles avec le Secours Catholique de Mennecy (animations enfants du mercredi)<\/strong><\/li>\n<\/ul>\n<p><strong>\u00a0<\/strong><\/p>\n<p><strong>\u00a0<\/strong><\/p>\n<p><strong>\u00a0<\/strong><\/p>\n","protected":false},"excerpt":{"rendered":"<p>R\u00e9fugi\u00e9s de l\u2019h\u00f4pital Georges Cl\u00e9menceau de Champcueil Personnes aid\u00e9es\u00a0: 200 hommes de 18 ans \u00e0 35 ans \/ soudanais, afghans \/ en cours de demande de statut de r\u00e9fugi\u00e9 \/ r\u00e9sident entre 3 et 12 mois Encadr\u00e9s par une \u00e9quipe de la Croix Rouge (site cr\u00e9e en 2015) \/ assistance pour les d\u00e9marches administratives, les [&hellip;]<\/p>\n","protected":false},"author":1,"featured_media":0,"parent":0,"menu_order":0,"comment_status":"closed","ping_status":"closed","template":"","meta":{"footnotes":""},"class_list":["post-7058","page","type-page","status-publish","hentry"],"jetpack_sharing_enabled":true,"_links":{"self":[{"href":"https:\/\/www.secteur-lafertealais.fr\/index.php\/wp-json\/wp\/v2\/pages\/7058"}],"collection":[{"href":"https:\/\/www.secteur-lafertealais.fr\/index.php\/wp-json\/wp\/v2\/pages"}],"about":[{"href":"https:\/\/www.secteur-lafertealais.fr\/index.php\/wp-json\/wp\/v2\/types\/page"}],"author":[{"embeddable":true,"href":"https:\/\/www.secteur-lafertealais.fr\/index.php\/wp-json\/wp\/v2\/users\/1"}],"replies":[{"embeddable":true,"href":"https:\/\/www.secteur-lafertealais.fr\/index.php\/wp-json\/wp\/v2\/comments?post=7058"}],"version-history":[{"count":1,"href":"https:\/\/www.secteur-lafertealais.fr\/index.php\/wp-json\/wp\/v2\/pages\/7058\/revisions"}],"predecessor-version":[{"id":7060,"href":"https:\/\/www.secteur-lafertealais.fr\/index.php\/wp-json\/wp\/v2\/pages\/7058\/revisions\/7060"}],"wp:attachment":[{"href":"https:\/\/www.secteur-lafertealais.fr\/index.php\/wp-json\/wp\/v2\/media?parent=7058"}],"curies":[{"name":"wp","href":"https:\/\/api.w.org\/{rel}","templated":true}]}}